{"id":1202,"date":"2021-09-23T22:03:25","date_gmt":"2021-09-23T22:03:25","guid":{"rendered":"https:\/\/betalastmile.com\/?page_id=1202"},"modified":"2021-09-23T22:05:23","modified_gmt":"2021-09-23T22:05:23","slug":"politica-de-privacidad","status":"publish","type":"page","link":"https:\/\/betalastmile.com\/index.php\/politica-de-privacidad\/","title":{"rendered":"Pol\u00edtica de privacidad"},"content":{"rendered":"\n<div id=\"section-gd28e48\" class=\"wp-block-gutentor-e0 section-gd28e48 gutentor-element gutentor-element-advanced-text text-align-justify-desktop\"><div class=\"gutentor-text-wrap\"><p class=\"gutentor-text\"><strong>SERVICIOS AL SUPER BETA, S.A. DE C.V.<\/strong> (en lo sucesivo <strong>SSB<\/strong>) con domicilio en Avenida Patriotismo, n\u00famero 229-9A, Colonia San Pedro de los Pinos, C.P. 03800, Alcald\u00eda Benito Ju\u00e1rez, en la Ciudad de M\u00e9xico, es la responsable de la privacidad y adecuado tratamiento de sus datos personales, incluidos los sensibles, que ha recabado usted, de manera directa por conducto de medios electr\u00f3nicos, \u00f3pticos, sonoros, visuales y a trav\u00e9s de cualquier otra tecnolog\u00eda, al amparo de lo establecido por los art\u00edculos 17 fracci\u00f3n II de la Ley Federal de Datos Personales en Posesi\u00f3n de Particulares y 27 de su Reglamento. Este aviso de privacidad es del tipo general, seg\u00fan lo dispuesto por los art\u00edculos de la secci\u00f3n I, Cap\u00edtulo V, de los Lineamientos del Aviso de Privacidad, publicados en el Diario Oficial de la Federaci\u00f3n el d\u00eda 17 de enero de 2013. Son \u201cDatos Personales\u201d cualquier informaci\u00f3n concerniente a una persona f\u00edsica identificada o identificable y que es recabada por <strong>\u201cSSB\u201d<\/strong>, para la prestaci\u00f3n de los servicios que \u00e9sta proporciona.<br>\u00a0<br>Sus datos personales que obran en posesi\u00f3n de <strong>\u201cSSB\u201d<\/strong> y que son sujetos de protecci\u00f3n, son aquellos que han sido recabados directamente de usted mediante registros, cuestionarios, consentimiento otorgados v\u00eda telef\u00f3nica, escrita, electr\u00f3nica mediante llenado de documentos o a trav\u00e9s del acceso a los sitios web controlados por <strong>\u201cSSB\u201d<\/strong> que se enlazan con este Aviso de Privacidad y que se refieren a su informaci\u00f3n personal. Este Aviso de Privacidad aplica para los datos personales recabados por <strong>\u201cSSB\u201d<\/strong> dentro de los Estados Unidos Mexicanos.<br>\u00a0<br>Sus datos personales ser\u00e1n utilizados por <strong>\u201cSSB\u201d<\/strong> para las siguientes finalidades: (I) cumplir y hacer cumplir las obligaciones que se derivan de la relaci\u00f3n jur\u00eddica existente entre usted como titular usuario y <strong>\u201cSSB\u201d<\/strong>, (II) realizar adecuadamente la compra-venta de mercanc\u00edas fabricadas, distribuidas y comercializadas por <strong>\u201cSSB\u201d<\/strong>, (III) tener un adecuado registro de sus clientes y proveedores, para facilitar las operaciones de <strong>\u201cSSB\u201d<\/strong>, (IV) ofrecer un mejor servicio y, en su caso, identificar sus pertenencias como cliente o proveedor, (V) generaci\u00f3n de estudios de venta, estad\u00edsticas, m\u00e9tricas, programas, reportes y proyectos; respuestas de cotizaciones o existencia de productos; (VI) evaluar la calidad del servicio proporcionado por <strong>\u201cSSB\u201d<\/strong>; (VII) env\u00edo de material publicitario y promocional; recepci\u00f3n, documentaci\u00f3n y seguimiento de quejas y solicitudes de servicio t\u00e9cnico, que en su caso apliquen; (VIII) registro y activaci\u00f3n de garant\u00edas que en su caso apliquen; (IX) registro de acceso a las instalaciones de la empresa para fines de seguridad y control de visitantes; (X) informar sobre cambios o nuevos productos o servicios que est\u00e9n relacionados con el contratado o adquirido por el cliente o proveedor.<br>\u00a0<br>Los datos que, en su caso, <strong>\u201cSSB\u201d<\/strong>, pueden obtener de usted y que, por lo tanto, son sujetos de protecci\u00f3n, son (I) nombre completo; (II) domicilio; (III) g\u00e9nero; (IV) fecha de nacimiento; (V) nacionalidad; (VI) numero de seguridad social; (VII) clave \u00fanica de registro poblacional; (VIII) registro federal de contribuyentes; (IX) tel\u00e9fono (X) correo electr\u00f3nico; (XI) datos relacionados con su o sus cuentas o tarjetas bancarias a fin de realizar los cargos o garant\u00edas correspondientes en la prestaci\u00f3n del servicio; (XII) profesi\u00f3n y ocupaci\u00f3n; (XIII) identificaciones oficiales, c\u00e9dula profesional; (XIV) n\u00famero de pasaporte; (XV) informaci\u00f3n personal necesaria para conocer su perfil mediante cuestionarios, ex\u00e1menes o entrevistas de reclutamiento o selecci\u00f3n de personal.<br>\u00a0<br>Le informamos que para cumplir con las finalidades previstas en este Aviso de Privacidad, ser\u00e1n recabados y tratados, en su caso, los siguientes datos personales sensibles: estado de salud presente y futuro, su origen racial o \u00e9tnico, informaci\u00f3n gen\u00e9tica, creencias religiosas, filos\u00f3ficas o morales, afiliaci\u00f3n sindical, opiniones pol\u00edticas o preferencia sexual. Nos comprometemos a que los mismos ser\u00e1n tratados bajo las mas estrictas medidas de seguridad que garanticen su confidencialidad, en t\u00e9rminos de la legislaci\u00f3n aplicable.<br>\u00a0<br>De conformidad con lo que establece el art\u00edculo 9 de la Ley en cita, requerimos de su consentimiento expreso para el tratamiento de sus datos personales sensibles. Al enviarnos datos personales sensibles a trav\u00e9s del sitio o pagina web de <strong>\u201cSSB\u201d<\/strong>, usted otorga su consentimiento expreso y acepta que estos datos sean tratados conforme a los t\u00e9rminos y condiciones establecidos en el presente aviso de privacidad.<br>\u00a0<br><strong>\u201cSSB\u201d<\/strong>, se reserva el derecho de efectuar en cualquier momento modificaciones o actualizaciones al presente Aviso de Privacidad, para la atenci\u00f3n de reformas legislativas, pol\u00edticas internas o nuevos requerimientos para la prestaci\u00f3n u ofrecimiento de nuestros servicios o productos. Estas modificaciones estar\u00e1n disponibles al p\u00fablico a trav\u00e9s de nuestra pagina de Internet, secci\u00f3n aviso de privacidad.<br>\u00a0<br>Un n\u00famero restringido de empleados de <strong>\u201cSSB\u201d<\/strong> de sus filiales o empresa matriz, pueden acceder a la informaci\u00f3n personal que usted nos proporcione. Capacitamos a nuestros empleados sobre la importancia de la privacidad y sobre como tratar los datos personales de forma adecuada y segura. <strong>\u201cSSB\u201d<\/strong> entiende que usted otorga su consentimiento cuando se inscribe a un programa que se realiza en conjunto con otra compa\u00f1\u00eda que podr\u00eda requerir acceso a su informaci\u00f3n personal. Adem\u00e1s, es pr\u00e1ctica de <strong>\u201cSSB\u201d<\/strong> requerir que sus proveedores o contratistas mantengan su informaci\u00f3n personal de forma confidencial y que usen su informaci\u00f3n personal s\u00f3lo para desempe\u00f1ar funciones para <strong>\u201cSSB\u201d<\/strong>.<br>\u00a0<br>Tambi\u00e9n le informamos que podr\u00edamos utilizar cookies y web beacoms para obtener informaci\u00f3n personal de usted, como la siguiente: su tipo de navegador y sistema operativo, las p\u00e1ginas de Internet que visita, los v\u00ednculos que sigue, la direcci\u00f3n IP, el sitio que visit\u00f3 antes de entrar al nuestro. Las cookies son archivos de texto que son descargados autom\u00e1ticamente y almacenados en el disco duro del equipo de c\u00f3mputo del usuario al navegar en una pagina de Internet espec\u00edfica, que permiten recordar al servidor de Internet algunos datos sobre este usuario, entre ellos, sus preferencias para la visualizaci\u00f3n de las p\u00e1ginas en ese servidor, nombre y contrase\u00f1a. Por su parte, las web beacons son im\u00e1genes insertadas en una p\u00e1gina de Internet o correo electr\u00f3nico, que pueden ser utilizados para monitorear el comportamiento de un visitante, como almacenar informaci\u00f3n sobre la direcci\u00f3n IP del usuario, duraci\u00f3n del tiempo de interacci\u00f3n en dicha p\u00e1gina y el tipo de navegador utilizado, entre otros.<br>\u00a0<br>Sus datos personales pueden ser transferidos y tratados dentro y fuera de los Estados Unidos Mexicanos, por personas distintas a <strong>\u201cSSB\u201d<\/strong>. En ese sentido, su informaci\u00f3n puede ser compartida con otras empresas de <strong>\u201cSSB\u201d<\/strong>, filiales, proveedores, autoridades, distribuidores, colaboradores, socios comerciales o agentes para ayudarnos a brindarle servicios o realizar los tratamientos autorizados por la ley. Nos comprometemos a no transferir su informaci\u00f3n personal a terceros distintos a los indicados anteriormente, sin su consentimiento, salvo las excepciones previstas en el art\u00edculo 37 de la Ley Federal de Protecci\u00f3n de Datos Personales en Posesi\u00f3n de los Particulares, as\u00ed como a realizar esta transferencia en los t\u00e9rminos que fija esa ley. Salvo en los casos del art\u00edculo 37 de la Ley, si usted no manifiesta su oposici\u00f3n para que sus datos personales sean transferidos, se entender\u00e1 que ha otorgado su consentimiento t\u00e1cito para ello. La oposici\u00f3n respectiva deber\u00e1 formularse y tramitarse, de acuerdo con el procedimiento previsto en el presente aviso <strong>\u201cSSB\u201d<\/strong> conservar\u00e1 su informaci\u00f3n personal por el tiempo que sea necesario para dar cumplimiento a las finalidades de tratamiento de datos personales, as\u00ed como a la legislaci\u00f3n aplicable, los contratos, las pol\u00edticas y los procedimientos internos de <strong>\u201cSSB\u201d<\/strong>.<br>\u00a0<br>Salvo que la legislaci\u00f3n, contrato o pol\u00edticas y procedimientos internos de <strong>\u201cSSB\u201d<\/strong> lo impidan, usted tiene derecho de (I) acceder a sus datos personales que poseemos y a los detalles del tratamiento de los mismos, as\u00ed como a (II) rectificarlos en caso de ser inexactos o incompletos; (III) cancelarlos cuando considere que no se requieren para algunas de las finalidades se\u00f1aladas en el presente Aviso de Privacidad; o cuando est\u00e9n siendo utilizados par finalidades no consentidas o en caso de que haya finalizado la relaci\u00f3n contractual o de servicio, o bien, (IV) oponerse al tratamiento de los mismos para fines espec\u00edficos. Para el ejercicio de estos derechos deber\u00e1 cumplir con el Procedimiento para solicitud de derechos detallado en este aviso.<br>\u00a0<br>El mecanismo que se ha implementado para el ejercicio de los derechos de acceso, rectificaci\u00f3n, cancelaci\u00f3n u oposici\u00f3n, en los t\u00e9rminos ya citados, es a trav\u00e9s del env\u00edo de una solicitud dirigida a ++++++++++++, a la direcci\u00f3n de correo ******. En su solicitud por correo electr\u00f3nico deber\u00e1 de cumplir todos los requisitos que a continuaci\u00f3n se enlistan:<br>\u00a0<br>a)\u00a0\u00a0\u00a0\u00a0\u00a0 Nombre<br>b)\u00a0\u00a0\u00a0\u00a0\u00a0 Correo electr\u00f3nico<br>c)\u00a0\u00a0\u00a0\u00a0\u00a0 Tel\u00e9fono de Contacto;<br>d)\u00a0\u00a0\u00a0\u00a0\u00a0 Ciudad y Estado;<br>e)\u00a0\u00a0\u00a0\u00a0\u00a0 Relaci\u00f3n que usted sostiene o ha sostenido con <strong>\u201cSSB\u201d<\/strong>;<br>f)\u00a0\u00a0\u00a0\u00a0\u00a0\u00a0 \u00c1rea o persona de <strong>\u201cSSB\u201d<\/strong> que lo atiende o lo ha atendido;<br>g)\u00a0\u00a0\u00a0\u00a0\u00a0 Nombre del producto, servicio, evento por el cual se le contact\u00f3;<br>\u00a0<br>Adem\u00e1s, deber\u00e1 adjuntar una copia de los documentos que acrediten su identidad o, en su caso la representaci\u00f3n legal del titular;<br>\u00a0<br>Proporcionar la descripci\u00f3n clara y precisa de los datos personales respecto de los que se busca ejercer alguno de sus derechos.<br>\u00a0<br>Proporcionar cualquier otro elemento o documento que facilite la localizaci\u00f3n de sus datos personales.<br>\u00a0<br>El plazo para proporcionarle una respuesta respecto la determinaci\u00f3n adoptada respecto de su solicitud es de veinte (20) d\u00edas h\u00e1biles contados a partir de la recepci\u00f3n de su solicitud debidamente llenada, para lo cual, se le enviara un correo de recepci\u00f3n de solicitud.<br>\u00a0<br>El plazo antes referido podr\u00e1 ser ampliado una sola vez por un periodo igual, siempre y cuando lo justifiquen las circunstancias del caso. En caso de que usted no se oponga al uso o tratamiento de sus datos personales para las finalidades expresadas en el presente aviso, en los t\u00e9rminos del procedimiento antes descrito, se entender\u00e1 que usted otorga su consentimiento expreso para que <strong>\u201cSSB\u201d<\/strong> d\u00e9 sus datos personales el tratamiento pretendido.<br>\u00a0<br>Si usted considera que su derecho de protecci\u00f3n de datos personales ha sido lesionado por alguna conducta de nuestros empleados o de nuestras actuaciones o respuestas, o considera que en el tratamiento de sus datos personales existe alguna violaci\u00f3n a las disposiciones previstas en la Ley Federal de Protecci\u00f3n de Datos Personales en Posesi\u00f3n de los Particulares, podr\u00e1 interponer la queja o denuncia correspondiente ante el INAI (Instituto Nacional de Acceso a al Informaci\u00f3n).<br>\u00a0<br>De igual manera usted tiene derecho a no otorgar su consentimiento para el tratamiento de sus datos personales para finalidades secundarias o accesorias, entendiendo por ellas las que no se relacionen directa o necesariamente con la principal actividad objeto de la relaci\u00f3n contractual entre usted y <strong>\u201cSSB\u201d<\/strong>, a trav\u00e9s del env\u00edo de una solicitud dirigida a +++++++++++ a la direcci\u00f3n de correo electr\u00f3nico *****, dentro de los cinco (5)\u00a0 d\u00edas h\u00e1biles siguientes a que usted nos haya proporcionado sus datos personales. En su solicitud por correo electr\u00f3nico deber\u00e1 cumplir todos los requisitos que a continuaci\u00f3n se enlistan:<br>\u00a0<br>a)\u00a0\u00a0\u00a0\u00a0\u00a0 Nombre;<br>b)\u00a0\u00a0\u00a0\u00a0\u00a0 Correo electr\u00f3nico;<br>c)\u00a0\u00a0\u00a0\u00a0\u00a0 Tel\u00e9fono de Contacto;<br>d)\u00a0\u00a0\u00a0\u00a0\u00a0 Ciudad y Estado;<br>e)\u00a0\u00a0\u00a0\u00a0\u00a0 Relaci\u00f3n que usted sostiene o ha sostenido con <strong>\u201cSSB\u201d<\/strong>;<br>f)\u00a0\u00a0\u00a0\u00a0\u00a0\u00a0 \u00c1rea o persona de <strong>\u201cSSB\u201d<\/strong> que lo atiende o lo ha atendido;<br>g)\u00a0\u00a0\u00a0\u00a0\u00a0 Nombre del producto, servicio, evento por el cual se le contact\u00f3.<br>\u00a0<br>Asimismo, deber\u00e1 adjuntar una copia de los documentos que acrediten su identidad o, en su caso, la representaci\u00f3n legal del titular.<br>\u00a0<br>Deber\u00e1 proporcionar la descripci\u00f3n clara y precisa de los datos personales respecto de los cuales se desea manifiesta la negativa de uso, as\u00ed como la finalidad o finalidades secundarias o accesorias para las cuales no desea el uso de sus datos personales, o bien, enlistar el uso espec\u00edfico y limitado que se pretenda tengan sus datos.<br>\u00a0<br>Proporcionar cualquier otro elemento o documento que facilite la localizaci\u00f3n de sus datos personales. El plazo para proporcionarle una respuesta respecto la determinaci\u00f3n adoptada respecto de su solicitud de negativa, es de diez (10) d\u00edas h\u00e1biles contados a partir de la recepci\u00f3n de su solicitud debidamente llenada, para lo cual, se le enviar\u00e1 un correo de recepci\u00f3n de su solicitud.<br>\u00a0<br>El plazo antes referido podr\u00e1 ser ampliado una sola vez por un periodo igual, siempre y cuando as\u00ed lo justifiquen las circunstancias del caso. De igual forma, usted puede en cualquier momento revocar el consentimiento otorgado para que sus datos personales sean tratados por <strong>\u201cSSB\u201d<\/strong> o bien, limitar su uso o divulgaci\u00f3n, ajust\u00e1ndose al mecanismo antes descrito. Tambi\u00e9n aplicara dicho procedimiento para el caso de que usted pretenda manifestar su negativa a la transferencia de sus datos personales dentro y fuera de territorio nacional, en t\u00e9rminos del presente aviso.<br>\u00a0<br>Si usted considera que su derecho de protecci\u00f3n de datos personales ha sido lesionado por alguna conducta de nuestros empleados o de nuestras actuaciones o respuestas, o considera que en el tratamiento de sus datos personales existe alguna violaci\u00f3n a las disposiciones previstas en la Ley Federal de Protecci\u00f3n de Datos Personales en Posesi\u00f3n de los Particulares, podr\u00e1 interponer la queja o denuncia correspondiente ante el INAI (Instituto Nacional de Acceso a la Informaci\u00f3n).<\/p><\/div><\/div>\n","protected":false},"excerpt":{"rendered":"","protected":false},"author":1,"featured_media":0,"parent":0,"menu_order":0,"comment_status":"closed","ping_status":"closed","template":"","meta":{"_coblocks_attr":"","_coblocks_dimensions":"","_coblocks_responsive_height":"","_coblocks_accordion_ie_support":"","om_disable_all_campaigns":false,"_monsterinsights_skip_tracking":false,"_monsterinsights_sitenote_active":false,"_monsterinsights_sitenote_note":"","_monsterinsights_sitenote_category":0,"spay_email":"","footnotes":""},"class_list":["post-1202","page","type-page","status-publish","hentry"],"uagb_featured_image_src":{"full":false,"thumbnail":false,"medium":false,"medium_large":false,"large":false,"1536x1536":false,"2048x2048":false,"bizberg_medium":false,"bizberg_gallery":false,"bizberg_blog_list":false,"bizberg_detail_image":false,"bizberg_detail_image_no_sidebar":false,"bizberg_portfolio_homepage":false,"bizberg_blog_list_no_sidebar_1":false},"uagb_author_info":{"display_name":"ZitiForum","author_link":"https:\/\/betalastmile.com\/index.php\/author\/zitiforum\/"},"uagb_comment_info":0,"uagb_excerpt":null,"_links":{"self":[{"href":"https:\/\/betalastmile.com\/index.php\/wp-json\/wp\/v2\/pages\/1202","targetHints":{"allow":["GET"]}}],"collection":[{"href":"https:\/\/betalastmile.com\/index.php\/wp-json\/wp\/v2\/pages"}],"about":[{"href":"https:\/\/betalastmile.com\/index.php\/wp-json\/wp\/v2\/types\/page"}],"author":[{"embeddable":true,"href":"https:\/\/betalastmile.com\/index.php\/wp-json\/wp\/v2\/users\/1"}],"replies":[{"embeddable":true,"href":"https:\/\/betalastmile.com\/index.php\/wp-json\/wp\/v2\/comments?post=1202"}],"version-history":[{"count":4,"href":"https:\/\/betalastmile.com\/index.php\/wp-json\/wp\/v2\/pages\/1202\/revisions"}],"predecessor-version":[{"id":1206,"href":"https:\/\/betalastmile.com\/index.php\/wp-json\/wp\/v2\/pages\/1202\/revisions\/1206"}],"wp:attachment":[{"href":"https:\/\/betalastmile.com\/index.php\/wp-json\/wp\/v2\/media?parent=1202"}],"curies":[{"name":"wp","href":"https:\/\/api.w.org\/{rel}","templated":true}]}}